{"id":174,"date":"2022-03-03T13:44:10","date_gmt":"2022-03-03T10:44:10","guid":{"rendered":"https:\/\/www.worldplasthair.com\/sq\/?page_id=174"},"modified":"2022-03-15T13:52:05","modified_gmt":"2022-03-15T10:52:05","slug":"rreth-nesh","status":"publish","type":"page","link":"https:\/\/www.worldplasthair.com\/sq\/rreth-nesh\/","title":{"rendered":"Rreth Nesh"},"content":{"rendered":"<p>World Plast Hair, nj\u00eb mark\u00eb e Sh\u00ebndeti Stamboll Turizmi Sh\u00ebndet\u00ebsor Arsim dhe Konsulenc\u00eb Industria dhe Tregtia Ltd. Co, \u00ebsht\u00eb nj\u00eb organizat\u00eb turistike sh\u00ebndet\u00ebsore q\u00eb operon n\u00eb sh\u00ebrbimet e orientimit, konsulenc\u00ebs dhe organizimit p\u00ebr trajtimin e personave q\u00eb planifikojn\u00eb t\u00eb vijn\u00eb n\u00eb vendin ton\u00eb p\u00ebr estetik\u00eb. dhe q\u00ebllime estetike. Ofron sh\u00ebrbime n\u00eb fush\u00ebn e transplantimit t\u00eb flok\u00ebve dhe trajtimit t\u00eb flok\u00ebve p\u00ebr q\u00ebllime bukurie. Ai ofron sh\u00ebrbime udh\u00ebzimi dhe organizimi, pa cenuar parimin e besueshm\u00ebris\u00eb dhe ndershm\u00ebris\u00eb.<\/p>\n<p>World Plast Hair ju udh\u00ebzon drejt opsionit dhe metod\u00ebs m\u00eb t\u00eb p\u00ebrshtatshme t\u00eb trajtimit sipas k\u00ebrkesave tuaja dhe zgjidhjeve sh\u00ebndet\u00ebsore q\u00eb k\u00ebrkoni. Krahas trajtimeve estetike dhe t\u00eb bukuris\u00eb, World Plast Hair vepron me p\u00ebrpik\u00ebri dhe me vet\u00ebdijen e p\u00ebrgjegj\u00ebsis\u00eb ligjore n\u00eb aplikimin m\u00eb t\u00eb mir\u00eb t\u00eb transplantit t\u00eb flok\u00ebve dhe trajtimeve t\u00eb flok\u00ebve, si dhe ofron sh\u00ebrbime orientimi, konsulence dhe organizimi n\u00eb k\u00ebt\u00eb drejtim.<\/p>\n<p>Ajo synon t\u00eb ofroj\u00eb sh\u00ebrbim cil\u00ebsor p\u00ebr mysafir\u00ebt e saj q\u00eb vijn\u00eb nga jasht\u00eb p\u00ebr turizmin sh\u00ebndet\u00ebsor, n\u00eb nj\u00eb spital t\u00eb pajisur mir\u00eb dhe salla operative t\u00eb pajisura, n\u00eb p\u00ebrputhje me standardet e larta t\u00eb turizmit sh\u00ebndet\u00ebsor dhe transplantimit t\u00eb flok\u00ebve n\u00eb vendin ton\u00eb, me mjek\u00ebt e saj specialist\u00eb. P\u00ebrve\u00e7 ofrimit t\u00eb informacionit p\u00ebr sh\u00ebrbimet sh\u00ebndet\u00ebsore, World Plast Hair VIP ofron gjithashtu cil\u00ebsi sh\u00ebrbimi, duke ofruar ashensor\u00eb, akomodim dhe ekskursione nga aeroporti dhe stacioni i autobus\u00ebve. Nihat T\u00fcney, themeluesi i World Plast Hair, \u00ebsht\u00eb n\u00eb k\u00ebt\u00eb fush\u00eb p\u00ebr m\u00eb shum\u00eb se 10 vjet dhe aktualisht \u00ebsht\u00eb CEO i World Plast Hair.<\/p>\n","protected":false},"excerpt":{"rendered":"<p>World Plast Hair, nj\u00eb mark\u00eb e Sh\u00ebndeti Stamboll Turizmi Sh\u00ebndet\u00ebsor Arsim dhe Konsulenc\u00eb Industria dhe Tregtia Ltd. Co, \u00ebsht\u00eb nj\u00eb organizat\u00eb turistike sh\u00ebndet\u00ebsore q\u00eb operon n\u00eb sh\u00ebrbimet e orientimit, konsulenc\u00ebs dhe organizimit p\u00ebr trajtimin e personave q\u00eb planifikojn\u00eb t\u00eb vijn\u00eb n\u00eb vendin ton\u00eb p\u00ebr estetik\u00eb. dhe q\u00ebllime estetike. Ofron sh\u00ebrbime n\u00eb fush\u00ebn e transplantimit t\u00eb [&hellip;]<\/p>\n","protected":false},"author":1,"featured_media":0,"parent":0,"menu_order":9,"comment_status":"closed","ping_status":"closed","template":"","meta":{"footnotes":""},"class_list":["post-174","page","type-page","status-publish","hentry"],"aioseo_notices":[],"_links":{"self":[{"href":"https:\/\/www.worldplasthair.com\/sq\/wp-json\/wp\/v2\/pages\/174","targetHints":{"allow":["GET"]}}],"collection":[{"href":"https:\/\/www.worldplasthair.com\/sq\/wp-json\/wp\/v2\/pages"}],"about":[{"href":"https:\/\/www.worldplasthair.com\/sq\/wp-json\/wp\/v2\/types\/page"}],"author":[{"embeddable":true,"href":"https:\/\/www.worldplasthair.com\/sq\/wp-json\/wp\/v2\/users\/1"}],"replies":[{"embeddable":true,"href":"https:\/\/www.worldplasthair.com\/sq\/wp-json\/wp\/v2\/comments?post=174"}],"version-history":[{"count":6,"href":"https:\/\/www.worldplasthair.com\/sq\/wp-json\/wp\/v2\/pages\/174\/revisions"}],"predecessor-version":[{"id":290,"href":"https:\/\/www.worldplasthair.com\/sq\/wp-json\/wp\/v2\/pages\/174\/revisions\/290"}],"wp:attachment":[{"href":"https:\/\/www.worldplasthair.com\/sq\/wp-json\/wp\/v2\/media?parent=174"}],"curies":[{"name":"wp","href":"https:\/\/api.w.org\/{rel}","templated":true}]}}