{"id":174,"date":"2022-03-03T13:44:10","date_gmt":"2022-03-03T10:44:10","guid":{"rendered":"https:\/\/www.worldplasthair.com\/fr\/?page_id=174"},"modified":"2022-03-11T15:26:54","modified_gmt":"2022-03-11T12:26:54","slug":"a-propos-de-nous","status":"publish","type":"page","link":"https:\/\/www.worldplasthair.com\/fr\/a-propos-de-nous\/","title":{"rendered":"\u00c0 propos de nous"},"content":{"rendered":"<p>World Plast Hair est la marque de \u0130stanbul Sa\u011fl\u0131k Turizm E\u011fitim Ve Dan\u0131\u015fmanl\u0131k San.Tic. Ltd. \u015eti., une organisation de tourisme de sant\u00e9 qui op\u00e8re au service de l\u2019orientation, du conseil et de l\u2019organisation afin de traiter les personnes qui viendront dans notre pays pour la greffe de cheveux traitement capillaire, esth\u00e9tique et beaut\u00e9, sans sacrifier les principes de loyaut\u00e9 et d\u2019honn\u00eatet\u00e9.<\/p>\n<p>World Plast Hair vous traitera en fonction de votre demande prioritaire et de la meilleure option et m\u00e9thode de traitement en fonction du probl\u00e8me de sant\u00e9 que vous recherchez. World Plast Hair est une organisation de tourisme de sant\u00e9 qui fournit des recommantations, des conseils et des services d\u2019organisation sur la greffe de cheveux, traitement capilliare et les soins esth\u00e9tiques et de beaut\u00e9 avec la responsabilit\u00e9 consciente et l\u00e9gale d\u2019appliquer le traitement le plus appropri\u00e9.<\/p>\n<p>Notre pays vise le bonheur de ses clients venus de l\u2019\u00e9tranger pour le tourisme de sant\u00e9 avec des h\u00f4pitaux bien \u00e9quip\u00e9s et des salles d\u2019op\u00e9ration \u00e9quip\u00e9es et des m\u00e9decins sp\u00e9cialistes construits pour les applications de tourisme de sant\u00e9 et de la greffe de cheveux se d\u00e9veloppant dans les fronti\u00e8res de notre pays. En plus de fournir des informations sur les services de sant\u00e9, nous offrons \u00e9galement le service de qualit\u00e9 World Plast Hair VIP, qui fournit l\u2019accueil, l\u2019h\u00e9bergement, et la d\u00e9couverte des richesses historiques et culturelles de notre pays. Le fondateur de World Plast Hair, Nihat T\u00fcney, est sur ce terrain depuis 10 ans et est toujours le directeur de World Plast Hair.<\/p>\n<h3>Pourquoi nous?<\/h3>\n<p>Nous croyons que la greffe de cheveux devrait \u00eatre faite avec des chirurgiens plasticiens et des dermatologues.<br \/>\nNous vous guidons \u00e0 l\u2019occasion de la greffe de cheveux par un sp\u00e9cialiste exp\u00e9riment\u00e9 en chirurgie plastique et une \u00e9quipe de professionnels dans des conditions st\u00e9riles en milieu hospitalier.<br \/>\nWorld Plast Hair fournit le transport, l\u2019h\u00e9bergement avec une compr\u00e9hension de haut niveau de service et vise \u00e0 servir dans diff\u00e9rents pays.<\/p>\n","protected":false},"excerpt":{"rendered":"<p>World Plast Hair est la marque de \u0130stanbul Sa\u011fl\u0131k Turizm E\u011fitim Ve Dan\u0131\u015fmanl\u0131k San.Tic. Ltd. \u015eti., une organisation de tourisme de sant\u00e9 qui op\u00e8re au service de l\u2019orientation, du conseil et de l\u2019organisation afin de traiter les personnes qui viendront dans notre pays pour la greffe de cheveux traitement capillaire, esth\u00e9tique et beaut\u00e9, sans sacrifier [&hellip;]<\/p>\n","protected":false},"author":1,"featured_media":0,"parent":0,"menu_order":8,"comment_status":"closed","ping_status":"closed","template":"","meta":{"footnotes":""},"class_list":["post-174","page","type-page","status-publish","hentry"],"aioseo_notices":[],"_links":{"self":[{"href":"https:\/\/www.worldplasthair.com\/fr\/wp-json\/wp\/v2\/pages\/174","targetHints":{"allow":["GET"]}}],"collection":[{"href":"https:\/\/www.worldplasthair.com\/fr\/wp-json\/wp\/v2\/pages"}],"about":[{"href":"https:\/\/www.worldplasthair.com\/fr\/wp-json\/wp\/v2\/types\/page"}],"author":[{"embeddable":true,"href":"https:\/\/www.worldplasthair.com\/fr\/wp-json\/wp\/v2\/users\/1"}],"replies":[{"embeddable":true,"href":"https:\/\/www.worldplasthair.com\/fr\/wp-json\/wp\/v2\/comments?post=174"}],"version-history":[{"count":3,"href":"https:\/\/www.worldplasthair.com\/fr\/wp-json\/wp\/v2\/pages\/174\/revisions"}],"predecessor-version":[{"id":281,"href":"https:\/\/www.worldplasthair.com\/fr\/wp-json\/wp\/v2\/pages\/174\/revisions\/281"}],"wp:attachment":[{"href":"https:\/\/www.worldplasthair.com\/fr\/wp-json\/wp\/v2\/media?parent=174"}],"curies":[{"name":"wp","href":"https:\/\/api.w.org\/{rel}","templated":true}]}}